{"id":104,"date":"2020-05-29T12:25:53","date_gmt":"2020-05-29T10:25:53","guid":{"rendered":"https:\/\/www.mhshy.de\/wordpress\/impressum\/"},"modified":"2020-08-12T11:59:46","modified_gmt":"2020-08-12T09:59:46","slug":"impressum","status":"publish","type":"page","link":"https:\/\/www.mhshy.de\/en\/impressum\/","title":{"rendered":"Imprint"},"content":{"rendered":"<h2>Information pursuant to \u00a7 5 TMG<\/h2>\n<p>M\u00fcnchner Hybrid Systemtechnik GmbH<br \/>\nRia-Burkei-Stra\u00dfe 9<br \/>\n81249 M\u00fcnchen<\/p>\n<p>Handelsregister: HRB 78473<br \/>\nRegistration court: M\u00fcnchen<\/p>\n<h2>Represented by the managing directors:<\/h2>\n<p>Managing director: Claudia Strunkeit<\/p>\n<h2>Contact<\/h2>\n<p>Phone: +49 (0) 89 50 80 76-0<br \/>\nTelefax: +49 (0) 89 50 80 76-30<br \/>\nE-mail: office@mhshy.de<\/p>\n<h2>VAT ID<\/h2>\n<p>Sales tax identification number according to \u00a7 27 a of the Sales Tax Law:<br \/>\nDE 129423646<br \/>\nWe are not willing or obliged to participate in dispute resolution proceedings before a consumer arbitration board.<\/p>\n<h2>Liability for Contents<\/h2>\n<p>As service providers, we are liable for own contents of these websites according to Sec. 7, paragraph 1 German Telemedia Act (TMG). However, according to Sec. 8 to 10 German Telemedia Act (TMG), service providers are not obligated to permanently monitor submitted or stored information or to search for evidences that indicate illegal activities.<br \/>\nLegal obligations to removing information or to blocking the use of information remain unchallenged. In this case, liability is only possible at the time of knowledge about a specific violation of law. Illegal contents will be removed immediately at the time we get knowledge of them.<\/p>\n<h2>Liability for Links<\/h2>\n<p>Our offer includes links to external third party websites. We have no influence on the contents of those websites, therefore we cannot guarantee for those contents. Providers or administrators of linked websites are always responsible for their own contents.<br \/>\nThe linked websites had been checked for possible violations of law at the time of the establishment of the link. Illegal contents were not detected at the time of the linking. A permanent monitoring of the contents of linked websites cannot be imposed without reasonable indications that there has been a violation of law. Illegal links will be removed immediately at the time we get knowledge of them.<\/p>\n<h2>Copyright<\/h2>\n<p>Contents and compilations published on these websites by the providers are subject to German copyright laws. Reproduction, editing, distribution as well as the use of any kind outside the scope of the copyright law require a written permission of the author or originator. Downloads and copies of these websites are permitted for private use only.<br \/>\nThe commercial use of our contents without permission of the originator is prohibited.<br \/>\nCopyright laws of third parties are respected as long as the contents on these websites do not originate from the provider. Contributions of third parties on this site are indicated as such. However, if you notice any violations of copyright law, please inform us. Such contents will be removed immediate.<\/p>\n","protected":false},"excerpt":{"rendered":"<p>Information pursuant to \u00a7 5 TMG M\u00fcnchner Hybrid Systemtechnik GmbH Ria-Burkei-Stra\u00dfe 9 81249 M\u00fcnchen Handelsregister: HRB 78473 Registration court: M\u00fcnchen Represented by the managing directors: Managing director: Claudia Strunkeit Contact Phone: +49 (0) 89 50 80 76-0 Telefax: +49 (0) 89 50 80 76-30 E-mail: office@mhshy.de VAT ID Sales tax identification number according to \u00a7 [&hellip;]<\/p>\n","protected":false},"author":2,"featured_media":0,"parent":0,"menu_order":0,"comment_status":"closed","ping_status":"closed","template":"page-icon.php","meta":{"_acf_changed":false,"footnotes":""},"class_list":["post-104","page","type-page","status-publish","hentry"],"acf":[],"_links":{"self":[{"href":"https:\/\/www.mhshy.de\/en\/wp-json\/wp\/v2\/pages\/104","targetHints":{"allow":["GET"]}}],"collection":[{"href":"https:\/\/www.mhshy.de\/en\/wp-json\/wp\/v2\/pages"}],"about":[{"href":"https:\/\/www.mhshy.de\/en\/wp-json\/wp\/v2\/types\/page"}],"author":[{"embeddable":true,"href":"https:\/\/www.mhshy.de\/en\/wp-json\/wp\/v2\/users\/2"}],"replies":[{"embeddable":true,"href":"https:\/\/www.mhshy.de\/en\/wp-json\/wp\/v2\/comments?post=104"}],"version-history":[{"count":7,"href":"https:\/\/www.mhshy.de\/en\/wp-json\/wp\/v2\/pages\/104\/revisions"}],"predecessor-version":[{"id":673,"href":"https:\/\/www.mhshy.de\/en\/wp-json\/wp\/v2\/pages\/104\/revisions\/673"}],"wp:attachment":[{"href":"https:\/\/www.mhshy.de\/en\/wp-json\/wp\/v2\/media?parent=104"}],"curies":[{"name":"wp","href":"https:\/\/api.w.org\/{rel}","templated":true}]}}